{"id":3506,"date":"2020-02-07T02:18:47","date_gmt":"2020-02-07T02:18:47","guid":{"rendered":"https:\/\/demo.casethemes.net\/consultio\/?page_id=3506"},"modified":"2020-02-07T02:18:47","modified_gmt":"2020-02-07T02:18:47","slug":"pricing-v-3","status":"publish","type":"page","link":"https:\/\/plasprinter.com.co\/en\/pricing-v-3\/","title":{"rendered":"Pricing v.3"},"content":{"rendered":"","protected":false},"excerpt":{"rendered":"","protected":false},"author":2,"featured_media":0,"parent":0,"menu_order":0,"comment_status":"closed","ping_status":"closed","template":"","meta":{"footnotes":""},"yoast_head":"<!-- This site is optimized with the Yoast SEO plugin v21.7 - https:\/\/yoast.com\/wordpress\/plugins\/seo\/ -->\n<title>Pricing v.3 - Fabricaci\u00f3n e Impresi\u00f3n de Envases<\/title>\n<meta name=\"robots\" content=\"index, follow, max-snippet:-1, max-image-preview:large, max-video-preview:-1\" \/>\n<link rel=\"canonical\" href=\"https:\/\/plasprinter.com.co\/en\/pricing-v-3\/\" \/>\n<meta property=\"og:locale\" content=\"en_US\" \/>\n<meta property=\"og:type\" content=\"article\" \/>\n<meta property=\"og:title\" content=\"Pricing v.3 - Fabricaci\u00f3n e Impresi\u00f3n de Envases\" \/>\n<meta property=\"og:url\" content=\"https:\/\/plasprinter.com.co\/en\/pricing-v-3\/\" \/>\n<meta property=\"og:site_name\" content=\"Fabricaci\u00f3n e Impresi\u00f3n de Envases\" \/>\n<meta property=\"article:publisher\" content=\"https:\/\/www.facebook.com\/plasprinterCol\" \/>\n<meta name=\"twitter:card\" content=\"summary_large_image\" \/>\n<script type=\"application\/ld+json\" class=\"yoast-schema-graph\">{\"@context\":\"https:\/\/schema.org\",\"@graph\":[{\"@type\":\"WebPage\",\"@id\":\"https:\/\/plasprinter.com.co\/pricing-v-3\/\",\"url\":\"https:\/\/plasprinter.com.co\/pricing-v-3\/\",\"name\":\"Pricing v.3 - Fabricaci\u00f3n e Impresi\u00f3n de Envases\",\"isPartOf\":{\"@id\":\"https:\/\/plasprinter.com.co\/#website\"},\"datePublished\":\"2020-02-07T02:18:47+00:00\",\"dateModified\":\"2020-02-07T02:18:47+00:00\",\"breadcrumb\":{\"@id\":\"https:\/\/plasprinter.com.co\/pricing-v-3\/#breadcrumb\"},\"inLanguage\":\"en-US\",\"potentialAction\":[{\"@type\":\"ReadAction\",\"target\":[\"https:\/\/plasprinter.com.co\/pricing-v-3\/\"]}]},{\"@type\":\"BreadcrumbList\",\"@id\":\"https:\/\/plasprinter.com.co\/pricing-v-3\/#breadcrumb\",\"itemListElement\":[{\"@type\":\"ListItem\",\"position\":1,\"name\":\"Inicio\",\"item\":\"https:\/\/plasprinter.com.co\/\"},{\"@type\":\"ListItem\",\"position\":2,\"name\":\"Pricing v.3\"}]},{\"@type\":\"WebSite\",\"@id\":\"https:\/\/plasprinter.com.co\/#website\",\"url\":\"https:\/\/plasprinter.com.co\/\",\"name\":\"Fabricaci\u00f3n e Impresi\u00f3n de Envases\",\"description\":\"Impresi\u00f3n sobre envase pl\u00e1stico\",\"publisher\":{\"@id\":\"https:\/\/plasprinter.com.co\/#organization\"},\"potentialAction\":[{\"@type\":\"SearchAction\",\"target\":{\"@type\":\"EntryPoint\",\"urlTemplate\":\"https:\/\/plasprinter.com.co\/?s={search_term_string}\"},\"query-input\":\"required name=search_term_string\"}],\"inLanguage\":\"en-US\"},{\"@type\":\"Organization\",\"@id\":\"https:\/\/plasprinter.com.co\/#organization\",\"name\":\"plasprinter\",\"url\":\"https:\/\/plasprinter.com.co\/\",\"logo\":{\"@type\":\"ImageObject\",\"inLanguage\":\"en-US\",\"@id\":\"https:\/\/plasprinter.com.co\/#\/schema\/logo\/image\/\",\"url\":\"https:\/\/plasprinter.kje.com.co\/wp-content\/uploads\/2022\/12\/Recurso-37.png\",\"contentUrl\":\"https:\/\/plasprinter.kje.com.co\/wp-content\/uploads\/2022\/12\/Recurso-37.png\",\"width\":1155,\"height\":276,\"caption\":\"plasprinter\"},\"image\":{\"@id\":\"https:\/\/plasprinter.com.co\/#\/schema\/logo\/image\/\"},\"sameAs\":[\"https:\/\/www.facebook.com\/plasprinterCol\"]}]}<\/script>\n<!-- \/ Yoast SEO plugin. -->","yoast_head_json":{"title":"Pricing v.3 - Fabricaci\u00f3n e Impresi\u00f3n de Envases","robots":{"index":"index","follow":"follow","max-snippet":"max-snippet:-1","max-image-preview":"max-image-preview:large","max-video-preview":"max-video-preview:-1"},"canonical":"https:\/\/plasprinter.com.co\/en\/pricing-v-3\/","og_locale":"en_US","og_type":"article","og_title":"Pricing v.3 - Fabricaci\u00f3n e Impresi\u00f3n de Envases","og_url":"https:\/\/plasprinter.com.co\/en\/pricing-v-3\/","og_site_name":"Fabricaci\u00f3n e Impresi\u00f3n de Envases","article_publisher":"https:\/\/www.facebook.com\/plasprinterCol","twitter_card":"summary_large_image","schema":{"@context":"https:\/\/schema.org","@graph":[{"@type":"WebPage","@id":"https:\/\/plasprinter.com.co\/pricing-v-3\/","url":"https:\/\/plasprinter.com.co\/pricing-v-3\/","name":"Pricing v.3 - Fabricaci\u00f3n e Impresi\u00f3n de Envases","isPartOf":{"@id":"https:\/\/plasprinter.com.co\/#website"},"datePublished":"2020-02-07T02:18:47+00:00","dateModified":"2020-02-07T02:18:47+00:00","breadcrumb":{"@id":"https:\/\/plasprinter.com.co\/pricing-v-3\/#breadcrumb"},"inLanguage":"en-US","potentialAction":[{"@type":"ReadAction","target":["https:\/\/plasprinter.com.co\/pricing-v-3\/"]}]},{"@type":"BreadcrumbList","@id":"https:\/\/plasprinter.com.co\/pricing-v-3\/#breadcrumb","itemListElement":[{"@type":"ListItem","position":1,"name":"Inicio","item":"https:\/\/plasprinter.com.co\/"},{"@type":"ListItem","position":2,"name":"Pricing v.3"}]},{"@type":"WebSite","@id":"https:\/\/plasprinter.com.co\/#website","url":"https:\/\/plasprinter.com.co\/","name":"Fabricaci\u00f3n e Impresi\u00f3n de Envases","description":"Impresi\u00f3n sobre envase pl\u00e1stico","publisher":{"@id":"https:\/\/plasprinter.com.co\/#organization"},"potentialAction":[{"@type":"SearchAction","target":{"@type":"EntryPoint","urlTemplate":"https:\/\/plasprinter.com.co\/?s={search_term_string}"},"query-input":"required name=search_term_string"}],"inLanguage":"en-US"},{"@type":"Organization","@id":"https:\/\/plasprinter.com.co\/#organization","name":"plasprinter","url":"https:\/\/plasprinter.com.co\/","logo":{"@type":"ImageObject","inLanguage":"en-US","@id":"https:\/\/plasprinter.com.co\/#\/schema\/logo\/image\/","url":"https:\/\/plasprinter.kje.com.co\/wp-content\/uploads\/2022\/12\/Recurso-37.png","contentUrl":"https:\/\/plasprinter.kje.com.co\/wp-content\/uploads\/2022\/12\/Recurso-37.png","width":1155,"height":276,"caption":"plasprinter"},"image":{"@id":"https:\/\/plasprinter.com.co\/#\/schema\/logo\/image\/"},"sameAs":["https:\/\/www.facebook.com\/plasprinterCol"]}]}},"_links":{"self":[{"href":"https:\/\/plasprinter.com.co\/en\/wp-json\/wp\/v2\/pages\/3506"}],"collection":[{"href":"https:\/\/plasprinter.com.co\/en\/wp-json\/wp\/v2\/pages"}],"about":[{"href":"https:\/\/plasprinter.com.co\/en\/wp-json\/wp\/v2\/types\/page"}],"author":[{"embeddable":true,"href":"https:\/\/plasprinter.com.co\/en\/wp-json\/wp\/v2\/users\/2"}],"replies":[{"embeddable":true,"href":"https:\/\/plasprinter.com.co\/en\/wp-json\/wp\/v2\/comments?post=3506"}],"version-history":[{"count":0,"href":"https:\/\/plasprinter.com.co\/en\/wp-json\/wp\/v2\/pages\/3506\/revisions"}],"wp:attachment":[{"href":"https:\/\/plasprinter.com.co\/en\/wp-json\/wp\/v2\/media?parent=3506"}],"curies":[{"name":"wp","href":"https:\/\/api.w.org\/{rel}","templated":true}]}}