{"id":4615,"date":"2021-05-27T16:28:14","date_gmt":"2021-05-27T16:28:14","guid":{"rendered":"https:\/\/demo.casethemes.net\/consultio\/?page_id=4615"},"modified":"2021-05-27T16:28:14","modified_gmt":"2021-05-27T16:28:14","slug":"coming-soon","status":"publish","type":"page","link":"https:\/\/plasprinter.com.co\/en\/coming-soon\/","title":{"rendered":"Coming Soon"},"content":{"rendered":"<div data-elementor-type=\"wp-page\" data-elementor-id=\"4615\" class=\"elementor elementor-4615\">\n\t\t\t\t\t\t\t        <section class=\"elementor-section elementor-top-section elementor-element elementor-element-beb132d elementor-section-boxed elementor-section-height-default elementor-section-height-default ct-header-fixed-none ct-row-max-none\" data-id=\"beb132d\" data-element_type=\"section\">\n            \n                        <div class=\"elementor-container elementor-column-gap-default\">\n                    <div class=\"elementor-column elementor-col-100 elementor-top-column elementor-element elementor-element-88d2fdd\" data-id=\"88d2fdd\" data-element_type=\"column\">\n            <div class=\"elementor-widget-wrap elementor-element-populated\">\n                        \t\t<div class=\"elementor-element elementor-element-526f565 elementor-widget elementor-widget-ct_countdown\" data-id=\"526f565\" data-element_type=\"widget\" data-widget_type=\"ct_countdown.default\">\n\t\t\t\t<div class=\"elementor-widget-container\">\n\t\t\t<div class=\"ct-countdown-wrap ct-countdown-layout1\" data-wow-delay=\"ms\">\r\n\t<div class=\"ct-countdown\" \r\n\t\tdata-month=\"Month\"\r\n\t\tdata-months=\"Months\"\r\n\t\tdata-day=\"Day\"\r\n\t\tdata-days=\"Days\"\r\n\t\tdata-hour=\"Hour\"\r\n\t\tdata-hours=\"Hours\"\r\n\t\tdata-minute=\"Minute\"\r\n\t\tdata-minutes=\"Minutes\"\r\n\t\tdata-second=\"Second\"\r\n\t\tdata-seconds=\"Seconds\">\r\n\t\t<div class=\"ct-countdown-inner\" data-count-down=\"2023\/09\/09\"><\/div>\r\n\t<\/div>\r\n<\/div>\t\t<\/div>\n\t\t\t\t<\/div>\n\t\t            <\/div>\n        <\/div>\n                            <\/div>\n        <\/section>\n        \t\t\t\t\t<\/div>","protected":false},"excerpt":{"rendered":"","protected":false},"author":2,"featured_media":0,"parent":0,"menu_order":0,"comment_status":"closed","ping_status":"closed","template":"","meta":{"footnotes":""},"yoast_head":"<!-- This site is optimized with the Yoast SEO plugin v21.7 - https:\/\/yoast.com\/wordpress\/plugins\/seo\/ -->\n<title>Coming Soon - Fabricaci\u00f3n e Impresi\u00f3n de Envases<\/title>\n<meta name=\"robots\" content=\"index, follow, max-snippet:-1, max-image-preview:large, max-video-preview:-1\" \/>\n<link rel=\"canonical\" href=\"https:\/\/plasprinter.com.co\/en\/coming-soon\/\" \/>\n<meta property=\"og:locale\" content=\"en_US\" \/>\n<meta property=\"og:type\" content=\"article\" \/>\n<meta property=\"og:title\" content=\"Coming Soon - Fabricaci\u00f3n e Impresi\u00f3n de Envases\" \/>\n<meta property=\"og:url\" content=\"https:\/\/plasprinter.com.co\/en\/coming-soon\/\" \/>\n<meta property=\"og:site_name\" content=\"Fabricaci\u00f3n e Impresi\u00f3n de Envases\" \/>\n<meta property=\"article:publisher\" content=\"https:\/\/www.facebook.com\/plasprinterCol\" \/>\n<meta name=\"twitter:card\" content=\"summary_large_image\" \/>\n<script type=\"application\/ld+json\" class=\"yoast-schema-graph\">{\"@context\":\"https:\/\/schema.org\",\"@graph\":[{\"@type\":\"WebPage\",\"@id\":\"https:\/\/plasprinter.com.co\/coming-soon\/\",\"url\":\"https:\/\/plasprinter.com.co\/coming-soon\/\",\"name\":\"Coming Soon - Fabricaci\u00f3n e Impresi\u00f3n de Envases\",\"isPartOf\":{\"@id\":\"https:\/\/plasprinter.com.co\/#website\"},\"datePublished\":\"2021-05-27T16:28:14+00:00\",\"dateModified\":\"2021-05-27T16:28:14+00:00\",\"breadcrumb\":{\"@id\":\"https:\/\/plasprinter.com.co\/coming-soon\/#breadcrumb\"},\"inLanguage\":\"en-US\",\"potentialAction\":[{\"@type\":\"ReadAction\",\"target\":[\"https:\/\/plasprinter.com.co\/coming-soon\/\"]}]},{\"@type\":\"BreadcrumbList\",\"@id\":\"https:\/\/plasprinter.com.co\/coming-soon\/#breadcrumb\",\"itemListElement\":[{\"@type\":\"ListItem\",\"position\":1,\"name\":\"Inicio\",\"item\":\"https:\/\/plasprinter.com.co\/\"},{\"@type\":\"ListItem\",\"position\":2,\"name\":\"Coming Soon\"}]},{\"@type\":\"WebSite\",\"@id\":\"https:\/\/plasprinter.com.co\/#website\",\"url\":\"https:\/\/plasprinter.com.co\/\",\"name\":\"Fabricaci\u00f3n e Impresi\u00f3n de Envases\",\"description\":\"Impresi\u00f3n sobre envase pl\u00e1stico\",\"publisher\":{\"@id\":\"https:\/\/plasprinter.com.co\/#organization\"},\"potentialAction\":[{\"@type\":\"SearchAction\",\"target\":{\"@type\":\"EntryPoint\",\"urlTemplate\":\"https:\/\/plasprinter.com.co\/?s={search_term_string}\"},\"query-input\":\"required name=search_term_string\"}],\"inLanguage\":\"en-US\"},{\"@type\":\"Organization\",\"@id\":\"https:\/\/plasprinter.com.co\/#organization\",\"name\":\"plasprinter\",\"url\":\"https:\/\/plasprinter.com.co\/\",\"logo\":{\"@type\":\"ImageObject\",\"inLanguage\":\"en-US\",\"@id\":\"https:\/\/plasprinter.com.co\/#\/schema\/logo\/image\/\",\"url\":\"https:\/\/plasprinter.kje.com.co\/wp-content\/uploads\/2022\/12\/Recurso-37.png\",\"contentUrl\":\"https:\/\/plasprinter.kje.com.co\/wp-content\/uploads\/2022\/12\/Recurso-37.png\",\"width\":1155,\"height\":276,\"caption\":\"plasprinter\"},\"image\":{\"@id\":\"https:\/\/plasprinter.com.co\/#\/schema\/logo\/image\/\"},\"sameAs\":[\"https:\/\/www.facebook.com\/plasprinterCol\"]}]}<\/script>\n<!-- \/ Yoast SEO plugin. -->","yoast_head_json":{"title":"Coming Soon - Fabricaci\u00f3n e Impresi\u00f3n de Envases","robots":{"index":"index","follow":"follow","max-snippet":"max-snippet:-1","max-image-preview":"max-image-preview:large","max-video-preview":"max-video-preview:-1"},"canonical":"https:\/\/plasprinter.com.co\/en\/coming-soon\/","og_locale":"en_US","og_type":"article","og_title":"Coming Soon - Fabricaci\u00f3n e Impresi\u00f3n de Envases","og_url":"https:\/\/plasprinter.com.co\/en\/coming-soon\/","og_site_name":"Fabricaci\u00f3n e Impresi\u00f3n de Envases","article_publisher":"https:\/\/www.facebook.com\/plasprinterCol","twitter_card":"summary_large_image","schema":{"@context":"https:\/\/schema.org","@graph":[{"@type":"WebPage","@id":"https:\/\/plasprinter.com.co\/coming-soon\/","url":"https:\/\/plasprinter.com.co\/coming-soon\/","name":"Coming Soon - Fabricaci\u00f3n e Impresi\u00f3n de Envases","isPartOf":{"@id":"https:\/\/plasprinter.com.co\/#website"},"datePublished":"2021-05-27T16:28:14+00:00","dateModified":"2021-05-27T16:28:14+00:00","breadcrumb":{"@id":"https:\/\/plasprinter.com.co\/coming-soon\/#breadcrumb"},"inLanguage":"en-US","potentialAction":[{"@type":"ReadAction","target":["https:\/\/plasprinter.com.co\/coming-soon\/"]}]},{"@type":"BreadcrumbList","@id":"https:\/\/plasprinter.com.co\/coming-soon\/#breadcrumb","itemListElement":[{"@type":"ListItem","position":1,"name":"Inicio","item":"https:\/\/plasprinter.com.co\/"},{"@type":"ListItem","position":2,"name":"Coming Soon"}]},{"@type":"WebSite","@id":"https:\/\/plasprinter.com.co\/#website","url":"https:\/\/plasprinter.com.co\/","name":"Fabricaci\u00f3n e Impresi\u00f3n de Envases","description":"Impresi\u00f3n sobre envase pl\u00e1stico","publisher":{"@id":"https:\/\/plasprinter.com.co\/#organization"},"potentialAction":[{"@type":"SearchAction","target":{"@type":"EntryPoint","urlTemplate":"https:\/\/plasprinter.com.co\/?s={search_term_string}"},"query-input":"required name=search_term_string"}],"inLanguage":"en-US"},{"@type":"Organization","@id":"https:\/\/plasprinter.com.co\/#organization","name":"plasprinter","url":"https:\/\/plasprinter.com.co\/","logo":{"@type":"ImageObject","inLanguage":"en-US","@id":"https:\/\/plasprinter.com.co\/#\/schema\/logo\/image\/","url":"https:\/\/plasprinter.kje.com.co\/wp-content\/uploads\/2022\/12\/Recurso-37.png","contentUrl":"https:\/\/plasprinter.kje.com.co\/wp-content\/uploads\/2022\/12\/Recurso-37.png","width":1155,"height":276,"caption":"plasprinter"},"image":{"@id":"https:\/\/plasprinter.com.co\/#\/schema\/logo\/image\/"},"sameAs":["https:\/\/www.facebook.com\/plasprinterCol"]}]}},"_links":{"self":[{"href":"https:\/\/plasprinter.com.co\/en\/wp-json\/wp\/v2\/pages\/4615"}],"collection":[{"href":"https:\/\/plasprinter.com.co\/en\/wp-json\/wp\/v2\/pages"}],"about":[{"href":"https:\/\/plasprinter.com.co\/en\/wp-json\/wp\/v2\/types\/page"}],"author":[{"embeddable":true,"href":"https:\/\/plasprinter.com.co\/en\/wp-json\/wp\/v2\/users\/2"}],"replies":[{"embeddable":true,"href":"https:\/\/plasprinter.com.co\/en\/wp-json\/wp\/v2\/comments?post=4615"}],"version-history":[{"count":0,"href":"https:\/\/plasprinter.com.co\/en\/wp-json\/wp\/v2\/pages\/4615\/revisions"}],"wp:attachment":[{"href":"https:\/\/plasprinter.com.co\/en\/wp-json\/wp\/v2\/media?parent=4615"}],"curies":[{"name":"wp","href":"https:\/\/api.w.org\/{rel}","templated":true}]}}