{"id":7960,"date":"2023-05-29T17:00:51","date_gmt":"2023-05-29T22:00:51","guid":{"rendered":"https:\/\/plasprinter.kje.com.co\/?post_type=product&#038;p=7960"},"modified":"2024-02-01T14:49:09","modified_gmt":"2024-02-01T19:49:09","slug":"envase-cilindrico-cuello-recto-300ml","status":"publish","type":"product","link":"https:\/\/plasprinter.com.co\/en\/product\/envase-cilindrico-cuello-recto-300ml\/","title":{"rendered":"Envase cuello recto 300ml"},"content":{"rendered":"<p>Material: PEAD,PEBD, PP, Pet-G<\/p>\n<p>&nbsp;<\/p>\n<p>Boca 28 mm, Di\u00e1metro 49mm, Altura 197 mm<\/p>\n<p>Capacidad: 300 mL (.)<\/p>","protected":false},"excerpt":{"rendered":"<p>Boca 28 mm, Di\u00e1metro 49mm, Altura 197 mm<\/p>","protected":false},"featured_media":9223,"comment_status":"closed","ping_status":"closed","template":"","meta":[],"product_cat":[60,68],"product_tag":[],"yoast_head":"<!-- This site is optimized with the Yoast SEO plugin v21.7 - https:\/\/yoast.com\/wordpress\/plugins\/seo\/ -->\n<title>Envase cuello recto 300ml - Fabricaci\u00f3n e Impresi\u00f3n de Envases<\/title>\n<meta name=\"robots\" content=\"index, follow, max-snippet:-1, max-image-preview:large, max-video-preview:-1\" \/>\n<link rel=\"canonical\" href=\"https:\/\/plasprinter.com.co\/en\/product\/envase-cilindrico-cuello-recto-300ml\/\" \/>\n<meta property=\"og:locale\" content=\"en_US\" \/>\n<meta property=\"og:type\" content=\"article\" \/>\n<meta property=\"og:title\" content=\"Envase cuello recto 300ml - Fabricaci\u00f3n e Impresi\u00f3n de Envases\" \/>\n<meta property=\"og:description\" content=\"Boca 28 mm, Di\u00e1metro 49mm, Altura 197 mm\" \/>\n<meta property=\"og:url\" content=\"https:\/\/plasprinter.com.co\/en\/product\/envase-cilindrico-cuello-recto-300ml\/\" \/>\n<meta property=\"og:site_name\" content=\"Fabricaci\u00f3n e Impresi\u00f3n de Envases\" \/>\n<meta property=\"article:publisher\" content=\"https:\/\/www.facebook.com\/plasprinterCol\" \/>\n<meta property=\"article:modified_time\" content=\"2024-02-01T19:49:09+00:00\" \/>\n<meta property=\"og:image\" content=\"https:\/\/plasprinter.com.co\/wp-content\/uploads\/2023\/05\/Envase-Cilindrico-Cuello-recto-\u2022-300-ml-835x1024.png\" \/>\n\t<meta property=\"og:image:width\" content=\"835\" \/>\n\t<meta property=\"og:image:height\" content=\"1024\" \/>\n\t<meta property=\"og:image:type\" content=\"image\/png\" \/>\n<meta name=\"twitter:card\" content=\"summary_large_image\" \/>\n<meta name=\"twitter:label1\" content=\"Est. reading time\" \/>\n\t<meta name=\"twitter:data1\" content=\"1 minute\" \/>\n<script type=\"application\/ld+json\" class=\"yoast-schema-graph\">{\"@context\":\"https:\/\/schema.org\",\"@graph\":[{\"@type\":\"WebPage\",\"@id\":\"https:\/\/plasprinter.com.co\/producto\/envase-cilindrico-cuello-recto-300ml\/\",\"url\":\"https:\/\/plasprinter.com.co\/producto\/envase-cilindrico-cuello-recto-300ml\/\",\"name\":\"Envase cuello recto 300ml - Fabricaci\u00f3n e Impresi\u00f3n de Envases\",\"isPartOf\":{\"@id\":\"https:\/\/plasprinter.com.co\/#website\"},\"datePublished\":\"2023-05-29T22:00:51+00:00\",\"dateModified\":\"2024-02-01T19:49:09+00:00\",\"breadcrumb\":{\"@id\":\"https:\/\/plasprinter.com.co\/producto\/envase-cilindrico-cuello-recto-300ml\/#breadcrumb\"},\"inLanguage\":\"en-US\",\"potentialAction\":[{\"@type\":\"ReadAction\",\"target\":[\"https:\/\/plasprinter.com.co\/producto\/envase-cilindrico-cuello-recto-300ml\/\"]}]},{\"@type\":\"BreadcrumbList\",\"@id\":\"https:\/\/plasprinter.com.co\/producto\/envase-cilindrico-cuello-recto-300ml\/#breadcrumb\",\"itemListElement\":[{\"@type\":\"ListItem\",\"position\":1,\"name\":\"Inicio\",\"item\":\"https:\/\/plasprinter.com.co\/\"},{\"@type\":\"ListItem\",\"position\":2,\"name\":\"Productos\",\"item\":\"https:\/\/plasprinter.com.co\/shop\/\"},{\"@type\":\"ListItem\",\"position\":3,\"name\":\"Envase cuello recto 300ml\"}]},{\"@type\":\"WebSite\",\"@id\":\"https:\/\/plasprinter.com.co\/#website\",\"url\":\"https:\/\/plasprinter.com.co\/\",\"name\":\"Fabricaci\u00f3n e Impresi\u00f3n de Envases\",\"description\":\"Impresi\u00f3n sobre envase pl\u00e1stico\",\"publisher\":{\"@id\":\"https:\/\/plasprinter.com.co\/#organization\"},\"potentialAction\":[{\"@type\":\"SearchAction\",\"target\":{\"@type\":\"EntryPoint\",\"urlTemplate\":\"https:\/\/plasprinter.com.co\/?s={search_term_string}\"},\"query-input\":\"required name=search_term_string\"}],\"inLanguage\":\"en-US\"},{\"@type\":\"Organization\",\"@id\":\"https:\/\/plasprinter.com.co\/#organization\",\"name\":\"plasprinter\",\"url\":\"https:\/\/plasprinter.com.co\/\",\"logo\":{\"@type\":\"ImageObject\",\"inLanguage\":\"en-US\",\"@id\":\"https:\/\/plasprinter.com.co\/#\/schema\/logo\/image\/\",\"url\":\"https:\/\/plasprinter.kje.com.co\/wp-content\/uploads\/2022\/12\/Recurso-37.png\",\"contentUrl\":\"https:\/\/plasprinter.kje.com.co\/wp-content\/uploads\/2022\/12\/Recurso-37.png\",\"width\":1155,\"height\":276,\"caption\":\"plasprinter\"},\"image\":{\"@id\":\"https:\/\/plasprinter.com.co\/#\/schema\/logo\/image\/\"},\"sameAs\":[\"https:\/\/www.facebook.com\/plasprinterCol\"]}]}<\/script>\n<!-- \/ Yoast SEO plugin. -->","yoast_head_json":{"title":"Envase cuello recto 300ml - Fabricaci\u00f3n e Impresi\u00f3n de Envases","robots":{"index":"index","follow":"follow","max-snippet":"max-snippet:-1","max-image-preview":"max-image-preview:large","max-video-preview":"max-video-preview:-1"},"canonical":"https:\/\/plasprinter.com.co\/en\/product\/envase-cilindrico-cuello-recto-300ml\/","og_locale":"en_US","og_type":"article","og_title":"Envase cuello recto 300ml - Fabricaci\u00f3n e Impresi\u00f3n de Envases","og_description":"Boca 28 mm, Di\u00e1metro 49mm, Altura 197 mm","og_url":"https:\/\/plasprinter.com.co\/en\/product\/envase-cilindrico-cuello-recto-300ml\/","og_site_name":"Fabricaci\u00f3n e Impresi\u00f3n de Envases","article_publisher":"https:\/\/www.facebook.com\/plasprinterCol","article_modified_time":"2024-02-01T19:49:09+00:00","og_image":[{"width":835,"height":1024,"url":"https:\/\/plasprinter.com.co\/wp-content\/uploads\/2023\/05\/Envase-Cilindrico-Cuello-recto-\u2022-300-ml-835x1024.png","type":"image\/png"}],"twitter_card":"summary_large_image","twitter_misc":{"Est. reading time":"1 minute"},"schema":{"@context":"https:\/\/schema.org","@graph":[{"@type":"WebPage","@id":"https:\/\/plasprinter.com.co\/producto\/envase-cilindrico-cuello-recto-300ml\/","url":"https:\/\/plasprinter.com.co\/producto\/envase-cilindrico-cuello-recto-300ml\/","name":"Envase cuello recto 300ml - Fabricaci\u00f3n e Impresi\u00f3n de Envases","isPartOf":{"@id":"https:\/\/plasprinter.com.co\/#website"},"datePublished":"2023-05-29T22:00:51+00:00","dateModified":"2024-02-01T19:49:09+00:00","breadcrumb":{"@id":"https:\/\/plasprinter.com.co\/producto\/envase-cilindrico-cuello-recto-300ml\/#breadcrumb"},"inLanguage":"en-US","potentialAction":[{"@type":"ReadAction","target":["https:\/\/plasprinter.com.co\/producto\/envase-cilindrico-cuello-recto-300ml\/"]}]},{"@type":"BreadcrumbList","@id":"https:\/\/plasprinter.com.co\/producto\/envase-cilindrico-cuello-recto-300ml\/#breadcrumb","itemListElement":[{"@type":"ListItem","position":1,"name":"Inicio","item":"https:\/\/plasprinter.com.co\/"},{"@type":"ListItem","position":2,"name":"Productos","item":"https:\/\/plasprinter.com.co\/shop\/"},{"@type":"ListItem","position":3,"name":"Envase cuello recto 300ml"}]},{"@type":"WebSite","@id":"https:\/\/plasprinter.com.co\/#website","url":"https:\/\/plasprinter.com.co\/","name":"Fabricaci\u00f3n e Impresi\u00f3n de Envases","description":"Impresi\u00f3n sobre envase pl\u00e1stico","publisher":{"@id":"https:\/\/plasprinter.com.co\/#organization"},"potentialAction":[{"@type":"SearchAction","target":{"@type":"EntryPoint","urlTemplate":"https:\/\/plasprinter.com.co\/?s={search_term_string}"},"query-input":"required name=search_term_string"}],"inLanguage":"en-US"},{"@type":"Organization","@id":"https:\/\/plasprinter.com.co\/#organization","name":"plasprinter","url":"https:\/\/plasprinter.com.co\/","logo":{"@type":"ImageObject","inLanguage":"en-US","@id":"https:\/\/plasprinter.com.co\/#\/schema\/logo\/image\/","url":"https:\/\/plasprinter.kje.com.co\/wp-content\/uploads\/2022\/12\/Recurso-37.png","contentUrl":"https:\/\/plasprinter.kje.com.co\/wp-content\/uploads\/2022\/12\/Recurso-37.png","width":1155,"height":276,"caption":"plasprinter"},"image":{"@id":"https:\/\/plasprinter.com.co\/#\/schema\/logo\/image\/"},"sameAs":["https:\/\/www.facebook.com\/plasprinterCol"]}]}},"_links":{"self":[{"href":"https:\/\/plasprinter.com.co\/en\/wp-json\/wp\/v2\/product\/7960"}],"collection":[{"href":"https:\/\/plasprinter.com.co\/en\/wp-json\/wp\/v2\/product"}],"about":[{"href":"https:\/\/plasprinter.com.co\/en\/wp-json\/wp\/v2\/types\/product"}],"replies":[{"embeddable":true,"href":"https:\/\/plasprinter.com.co\/en\/wp-json\/wp\/v2\/comments?post=7960"}],"wp:featuredmedia":[{"embeddable":true,"href":"https:\/\/plasprinter.com.co\/en\/wp-json\/wp\/v2\/media\/9223"}],"wp:attachment":[{"href":"https:\/\/plasprinter.com.co\/en\/wp-json\/wp\/v2\/media?parent=7960"}],"wp:term":[{"taxonomy":"product_cat","embeddable":true,"href":"https:\/\/plasprinter.com.co\/en\/wp-json\/wp\/v2\/product_cat?post=7960"},{"taxonomy":"product_tag","embeddable":true,"href":"https:\/\/plasprinter.com.co\/en\/wp-json\/wp\/v2\/product_tag?post=7960"}],"curies":[{"name":"wp","href":"https:\/\/api.w.org\/{rel}","templated":true}]}}