{"id":8061,"date":"2023-05-29T17:04:52","date_gmt":"2023-05-29T22:04:52","guid":{"rendered":"https:\/\/plasprinter.kje.com.co\/?post_type=product&#038;p=8061"},"modified":"2023-06-01T08:19:34","modified_gmt":"2023-06-01T13:19:34","slug":"pote-250g","status":"publish","type":"product","link":"https:\/\/plasprinter.com.co\/en\/product\/pote-250g\/","title":{"rendered":"Pote 250g"},"content":{"rendered":"<p>Di\u00e1metro = 87m, Boca = 85mm, Altura=66mm<\/p>","protected":false},"excerpt":{"rendered":"<p>Di\u00e1metro = 87m, Boca = 85mm, Altura=66mm<\/p>","protected":false},"featured_media":8140,"comment_status":"open","ping_status":"closed","template":"","meta":[],"product_cat":[68,64],"product_tag":[],"yoast_head":"<!-- This site is optimized with the Yoast SEO plugin v21.7 - https:\/\/yoast.com\/wordpress\/plugins\/seo\/ -->\n<title>Pote 250g - Fabricaci\u00f3n e Impresi\u00f3n de Envases<\/title>\n<meta name=\"robots\" content=\"index, follow, max-snippet:-1, max-image-preview:large, max-video-preview:-1\" \/>\n<link rel=\"canonical\" href=\"https:\/\/plasprinter.com.co\/en\/product\/pote-250g\/\" \/>\n<meta property=\"og:locale\" content=\"en_US\" \/>\n<meta property=\"og:type\" content=\"article\" \/>\n<meta property=\"og:title\" content=\"Pote 250g - Fabricaci\u00f3n e Impresi\u00f3n de Envases\" \/>\n<meta property=\"og:description\" content=\"Di\u00e1metro = 87m, Boca = 85mm, Altura=66mm\" \/>\n<meta property=\"og:url\" content=\"https:\/\/plasprinter.com.co\/en\/product\/pote-250g\/\" \/>\n<meta property=\"og:site_name\" content=\"Fabricaci\u00f3n e Impresi\u00f3n de Envases\" \/>\n<meta property=\"article:publisher\" content=\"https:\/\/www.facebook.com\/plasprinterCol\" \/>\n<meta property=\"article:modified_time\" content=\"2023-06-01T13:19:34+00:00\" \/>\n<meta property=\"og:image\" content=\"https:\/\/plasprinter.com.co\/wp-content\/uploads\/2023\/05\/Plasprinter-Fotos-web-2023-4_047-1.png\" \/>\n\t<meta property=\"og:image:width\" content=\"553\" \/>\n\t<meta property=\"og:image:height\" content=\"609\" \/>\n\t<meta property=\"og:image:type\" content=\"image\/png\" \/>\n<meta name=\"twitter:card\" content=\"summary_large_image\" \/>\n<meta name=\"twitter:label1\" content=\"Est. reading time\" \/>\n\t<meta name=\"twitter:data1\" content=\"1 minute\" \/>\n<script type=\"application\/ld+json\" class=\"yoast-schema-graph\">{\"@context\":\"https:\/\/schema.org\",\"@graph\":[{\"@type\":\"WebPage\",\"@id\":\"https:\/\/plasprinter.com.co\/producto\/pote-250g\/\",\"url\":\"https:\/\/plasprinter.com.co\/producto\/pote-250g\/\",\"name\":\"Pote 250g - Fabricaci\u00f3n e Impresi\u00f3n de Envases\",\"isPartOf\":{\"@id\":\"https:\/\/plasprinter.com.co\/#website\"},\"datePublished\":\"2023-05-29T22:04:52+00:00\",\"dateModified\":\"2023-06-01T13:19:34+00:00\",\"breadcrumb\":{\"@id\":\"https:\/\/plasprinter.com.co\/producto\/pote-250g\/#breadcrumb\"},\"inLanguage\":\"en-US\",\"potentialAction\":[{\"@type\":\"ReadAction\",\"target\":[\"https:\/\/plasprinter.com.co\/producto\/pote-250g\/\"]}]},{\"@type\":\"BreadcrumbList\",\"@id\":\"https:\/\/plasprinter.com.co\/producto\/pote-250g\/#breadcrumb\",\"itemListElement\":[{\"@type\":\"ListItem\",\"position\":1,\"name\":\"Inicio\",\"item\":\"https:\/\/plasprinter.com.co\/\"},{\"@type\":\"ListItem\",\"position\":2,\"name\":\"Productos\",\"item\":\"https:\/\/plasprinter.com.co\/shop\/\"},{\"@type\":\"ListItem\",\"position\":3,\"name\":\"Pote 250g\"}]},{\"@type\":\"WebSite\",\"@id\":\"https:\/\/plasprinter.com.co\/#website\",\"url\":\"https:\/\/plasprinter.com.co\/\",\"name\":\"Fabricaci\u00f3n e Impresi\u00f3n de Envases\",\"description\":\"Impresi\u00f3n sobre envase pl\u00e1stico\",\"publisher\":{\"@id\":\"https:\/\/plasprinter.com.co\/#organization\"},\"potentialAction\":[{\"@type\":\"SearchAction\",\"target\":{\"@type\":\"EntryPoint\",\"urlTemplate\":\"https:\/\/plasprinter.com.co\/?s={search_term_string}\"},\"query-input\":\"required name=search_term_string\"}],\"inLanguage\":\"en-US\"},{\"@type\":\"Organization\",\"@id\":\"https:\/\/plasprinter.com.co\/#organization\",\"name\":\"plasprinter\",\"url\":\"https:\/\/plasprinter.com.co\/\",\"logo\":{\"@type\":\"ImageObject\",\"inLanguage\":\"en-US\",\"@id\":\"https:\/\/plasprinter.com.co\/#\/schema\/logo\/image\/\",\"url\":\"https:\/\/plasprinter.kje.com.co\/wp-content\/uploads\/2022\/12\/Recurso-37.png\",\"contentUrl\":\"https:\/\/plasprinter.kje.com.co\/wp-content\/uploads\/2022\/12\/Recurso-37.png\",\"width\":1155,\"height\":276,\"caption\":\"plasprinter\"},\"image\":{\"@id\":\"https:\/\/plasprinter.com.co\/#\/schema\/logo\/image\/\"},\"sameAs\":[\"https:\/\/www.facebook.com\/plasprinterCol\"]}]}<\/script>\n<!-- \/ Yoast SEO plugin. -->","yoast_head_json":{"title":"Pote 250g - Fabricaci\u00f3n e Impresi\u00f3n de Envases","robots":{"index":"index","follow":"follow","max-snippet":"max-snippet:-1","max-image-preview":"max-image-preview:large","max-video-preview":"max-video-preview:-1"},"canonical":"https:\/\/plasprinter.com.co\/en\/product\/pote-250g\/","og_locale":"en_US","og_type":"article","og_title":"Pote 250g - Fabricaci\u00f3n e Impresi\u00f3n de Envases","og_description":"Di\u00e1metro = 87m, Boca = 85mm, Altura=66mm","og_url":"https:\/\/plasprinter.com.co\/en\/product\/pote-250g\/","og_site_name":"Fabricaci\u00f3n e Impresi\u00f3n de Envases","article_publisher":"https:\/\/www.facebook.com\/plasprinterCol","article_modified_time":"2023-06-01T13:19:34+00:00","og_image":[{"width":553,"height":609,"url":"https:\/\/plasprinter.com.co\/wp-content\/uploads\/2023\/05\/Plasprinter-Fotos-web-2023-4_047-1.png","type":"image\/png"}],"twitter_card":"summary_large_image","twitter_misc":{"Est. reading time":"1 minute"},"schema":{"@context":"https:\/\/schema.org","@graph":[{"@type":"WebPage","@id":"https:\/\/plasprinter.com.co\/producto\/pote-250g\/","url":"https:\/\/plasprinter.com.co\/producto\/pote-250g\/","name":"Pote 250g - Fabricaci\u00f3n e Impresi\u00f3n de Envases","isPartOf":{"@id":"https:\/\/plasprinter.com.co\/#website"},"datePublished":"2023-05-29T22:04:52+00:00","dateModified":"2023-06-01T13:19:34+00:00","breadcrumb":{"@id":"https:\/\/plasprinter.com.co\/producto\/pote-250g\/#breadcrumb"},"inLanguage":"en-US","potentialAction":[{"@type":"ReadAction","target":["https:\/\/plasprinter.com.co\/producto\/pote-250g\/"]}]},{"@type":"BreadcrumbList","@id":"https:\/\/plasprinter.com.co\/producto\/pote-250g\/#breadcrumb","itemListElement":[{"@type":"ListItem","position":1,"name":"Inicio","item":"https:\/\/plasprinter.com.co\/"},{"@type":"ListItem","position":2,"name":"Productos","item":"https:\/\/plasprinter.com.co\/shop\/"},{"@type":"ListItem","position":3,"name":"Pote 250g"}]},{"@type":"WebSite","@id":"https:\/\/plasprinter.com.co\/#website","url":"https:\/\/plasprinter.com.co\/","name":"Fabricaci\u00f3n e Impresi\u00f3n de Envases","description":"Impresi\u00f3n sobre envase pl\u00e1stico","publisher":{"@id":"https:\/\/plasprinter.com.co\/#organization"},"potentialAction":[{"@type":"SearchAction","target":{"@type":"EntryPoint","urlTemplate":"https:\/\/plasprinter.com.co\/?s={search_term_string}"},"query-input":"required name=search_term_string"}],"inLanguage":"en-US"},{"@type":"Organization","@id":"https:\/\/plasprinter.com.co\/#organization","name":"plasprinter","url":"https:\/\/plasprinter.com.co\/","logo":{"@type":"ImageObject","inLanguage":"en-US","@id":"https:\/\/plasprinter.com.co\/#\/schema\/logo\/image\/","url":"https:\/\/plasprinter.kje.com.co\/wp-content\/uploads\/2022\/12\/Recurso-37.png","contentUrl":"https:\/\/plasprinter.kje.com.co\/wp-content\/uploads\/2022\/12\/Recurso-37.png","width":1155,"height":276,"caption":"plasprinter"},"image":{"@id":"https:\/\/plasprinter.com.co\/#\/schema\/logo\/image\/"},"sameAs":["https:\/\/www.facebook.com\/plasprinterCol"]}]}},"_links":{"self":[{"href":"https:\/\/plasprinter.com.co\/en\/wp-json\/wp\/v2\/product\/8061"}],"collection":[{"href":"https:\/\/plasprinter.com.co\/en\/wp-json\/wp\/v2\/product"}],"about":[{"href":"https:\/\/plasprinter.com.co\/en\/wp-json\/wp\/v2\/types\/product"}],"replies":[{"embeddable":true,"href":"https:\/\/plasprinter.com.co\/en\/wp-json\/wp\/v2\/comments?post=8061"}],"wp:featuredmedia":[{"embeddable":true,"href":"https:\/\/plasprinter.com.co\/en\/wp-json\/wp\/v2\/media\/8140"}],"wp:attachment":[{"href":"https:\/\/plasprinter.com.co\/en\/wp-json\/wp\/v2\/media?parent=8061"}],"wp:term":[{"taxonomy":"product_cat","embeddable":true,"href":"https:\/\/plasprinter.com.co\/en\/wp-json\/wp\/v2\/product_cat?post=8061"},{"taxonomy":"product_tag","embeddable":true,"href":"https:\/\/plasprinter.com.co\/en\/wp-json\/wp\/v2\/product_tag?post=8061"}],"curies":[{"name":"wp","href":"https:\/\/api.w.org\/{rel}","templated":true}]}}