{"id":9403,"date":"2023-08-28T11:37:01","date_gmt":"2023-08-28T16:37:01","guid":{"rendered":"https:\/\/plasprinter.com.co\/?post_type=product&#038;p=9403"},"modified":"2023-09-26T21:44:33","modified_gmt":"2023-09-27T02:44:33","slug":"botilito-aros-700-ml","status":"publish","type":"product","link":"https:\/\/plasprinter.com.co\/en\/product\/botilito-aros-700-ml\/","title":{"rendered":"BOTILITO AROS 700 ML"},"content":{"rendered":"","protected":false},"excerpt":{"rendered":"","protected":false},"featured_media":9440,"comment_status":"open","ping_status":"closed","template":"","meta":[],"product_cat":[78],"product_tag":[],"yoast_head":"<!-- This site is optimized with the Yoast SEO plugin v21.7 - https:\/\/yoast.com\/wordpress\/plugins\/seo\/ -->\n<title>BOTILITO AROS 700 ML - Fabricaci\u00f3n e Impresi\u00f3n de Envases<\/title>\n<meta name=\"robots\" content=\"index, follow, max-snippet:-1, max-image-preview:large, max-video-preview:-1\" \/>\n<link rel=\"canonical\" href=\"https:\/\/plasprinter.com.co\/en\/product\/botilito-aros-700-ml\/\" \/>\n<meta property=\"og:locale\" content=\"en_US\" \/>\n<meta property=\"og:type\" content=\"article\" \/>\n<meta property=\"og:title\" content=\"BOTILITO AROS 700 ML - Fabricaci\u00f3n e Impresi\u00f3n de Envases\" \/>\n<meta property=\"og:url\" content=\"https:\/\/plasprinter.com.co\/en\/product\/botilito-aros-700-ml\/\" \/>\n<meta property=\"og:site_name\" content=\"Fabricaci\u00f3n e Impresi\u00f3n de Envases\" \/>\n<meta property=\"article:publisher\" content=\"https:\/\/www.facebook.com\/plasprinterCol\" \/>\n<meta property=\"article:modified_time\" content=\"2023-09-27T02:44:33+00:00\" \/>\n<meta property=\"og:image\" content=\"https:\/\/plasprinter.com.co\/wp-content\/uploads\/2023\/08\/BOTILITO-AROS-700-scaled.jpg\" \/>\n\t<meta property=\"og:image:width\" content=\"1792\" \/>\n\t<meta property=\"og:image:height\" content=\"2560\" \/>\n\t<meta property=\"og:image:type\" content=\"image\/jpeg\" \/>\n<meta name=\"twitter:card\" content=\"summary_large_image\" \/>\n<script type=\"application\/ld+json\" class=\"yoast-schema-graph\">{\"@context\":\"https:\/\/schema.org\",\"@graph\":[{\"@type\":\"WebPage\",\"@id\":\"https:\/\/plasprinter.com.co\/producto\/botilito-aros-700-ml\/\",\"url\":\"https:\/\/plasprinter.com.co\/producto\/botilito-aros-700-ml\/\",\"name\":\"BOTILITO AROS 700 ML - Fabricaci\u00f3n e Impresi\u00f3n de Envases\",\"isPartOf\":{\"@id\":\"https:\/\/plasprinter.com.co\/#website\"},\"datePublished\":\"2023-08-28T16:37:01+00:00\",\"dateModified\":\"2023-09-27T02:44:33+00:00\",\"breadcrumb\":{\"@id\":\"https:\/\/plasprinter.com.co\/producto\/botilito-aros-700-ml\/#breadcrumb\"},\"inLanguage\":\"en-US\",\"potentialAction\":[{\"@type\":\"ReadAction\",\"target\":[\"https:\/\/plasprinter.com.co\/producto\/botilito-aros-700-ml\/\"]}]},{\"@type\":\"BreadcrumbList\",\"@id\":\"https:\/\/plasprinter.com.co\/producto\/botilito-aros-700-ml\/#breadcrumb\",\"itemListElement\":[{\"@type\":\"ListItem\",\"position\":1,\"name\":\"Inicio\",\"item\":\"https:\/\/plasprinter.com.co\/\"},{\"@type\":\"ListItem\",\"position\":2,\"name\":\"Productos\",\"item\":\"https:\/\/plasprinter.com.co\/shop\/\"},{\"@type\":\"ListItem\",\"position\":3,\"name\":\"BOTILITO AROS 700 ML\"}]},{\"@type\":\"WebSite\",\"@id\":\"https:\/\/plasprinter.com.co\/#website\",\"url\":\"https:\/\/plasprinter.com.co\/\",\"name\":\"Fabricaci\u00f3n e Impresi\u00f3n de Envases\",\"description\":\"Impresi\u00f3n sobre envase pl\u00e1stico\",\"publisher\":{\"@id\":\"https:\/\/plasprinter.com.co\/#organization\"},\"potentialAction\":[{\"@type\":\"SearchAction\",\"target\":{\"@type\":\"EntryPoint\",\"urlTemplate\":\"https:\/\/plasprinter.com.co\/?s={search_term_string}\"},\"query-input\":\"required name=search_term_string\"}],\"inLanguage\":\"en-US\"},{\"@type\":\"Organization\",\"@id\":\"https:\/\/plasprinter.com.co\/#organization\",\"name\":\"plasprinter\",\"url\":\"https:\/\/plasprinter.com.co\/\",\"logo\":{\"@type\":\"ImageObject\",\"inLanguage\":\"en-US\",\"@id\":\"https:\/\/plasprinter.com.co\/#\/schema\/logo\/image\/\",\"url\":\"https:\/\/plasprinter.kje.com.co\/wp-content\/uploads\/2022\/12\/Recurso-37.png\",\"contentUrl\":\"https:\/\/plasprinter.kje.com.co\/wp-content\/uploads\/2022\/12\/Recurso-37.png\",\"width\":1155,\"height\":276,\"caption\":\"plasprinter\"},\"image\":{\"@id\":\"https:\/\/plasprinter.com.co\/#\/schema\/logo\/image\/\"},\"sameAs\":[\"https:\/\/www.facebook.com\/plasprinterCol\"]}]}<\/script>\n<!-- \/ Yoast SEO plugin. -->","yoast_head_json":{"title":"BOTILITO AROS 700 ML - Fabricaci\u00f3n e Impresi\u00f3n de Envases","robots":{"index":"index","follow":"follow","max-snippet":"max-snippet:-1","max-image-preview":"max-image-preview:large","max-video-preview":"max-video-preview:-1"},"canonical":"https:\/\/plasprinter.com.co\/en\/product\/botilito-aros-700-ml\/","og_locale":"en_US","og_type":"article","og_title":"BOTILITO AROS 700 ML - Fabricaci\u00f3n e Impresi\u00f3n de Envases","og_url":"https:\/\/plasprinter.com.co\/en\/product\/botilito-aros-700-ml\/","og_site_name":"Fabricaci\u00f3n e Impresi\u00f3n de Envases","article_publisher":"https:\/\/www.facebook.com\/plasprinterCol","article_modified_time":"2023-09-27T02:44:33+00:00","og_image":[{"width":1792,"height":2560,"url":"https:\/\/plasprinter.com.co\/wp-content\/uploads\/2023\/08\/BOTILITO-AROS-700-scaled.jpg","type":"image\/jpeg"}],"twitter_card":"summary_large_image","schema":{"@context":"https:\/\/schema.org","@graph":[{"@type":"WebPage","@id":"https:\/\/plasprinter.com.co\/producto\/botilito-aros-700-ml\/","url":"https:\/\/plasprinter.com.co\/producto\/botilito-aros-700-ml\/","name":"BOTILITO AROS 700 ML - Fabricaci\u00f3n e Impresi\u00f3n de Envases","isPartOf":{"@id":"https:\/\/plasprinter.com.co\/#website"},"datePublished":"2023-08-28T16:37:01+00:00","dateModified":"2023-09-27T02:44:33+00:00","breadcrumb":{"@id":"https:\/\/plasprinter.com.co\/producto\/botilito-aros-700-ml\/#breadcrumb"},"inLanguage":"en-US","potentialAction":[{"@type":"ReadAction","target":["https:\/\/plasprinter.com.co\/producto\/botilito-aros-700-ml\/"]}]},{"@type":"BreadcrumbList","@id":"https:\/\/plasprinter.com.co\/producto\/botilito-aros-700-ml\/#breadcrumb","itemListElement":[{"@type":"ListItem","position":1,"name":"Inicio","item":"https:\/\/plasprinter.com.co\/"},{"@type":"ListItem","position":2,"name":"Productos","item":"https:\/\/plasprinter.com.co\/shop\/"},{"@type":"ListItem","position":3,"name":"BOTILITO AROS 700 ML"}]},{"@type":"WebSite","@id":"https:\/\/plasprinter.com.co\/#website","url":"https:\/\/plasprinter.com.co\/","name":"Fabricaci\u00f3n e Impresi\u00f3n de Envases","description":"Impresi\u00f3n sobre envase pl\u00e1stico","publisher":{"@id":"https:\/\/plasprinter.com.co\/#organization"},"potentialAction":[{"@type":"SearchAction","target":{"@type":"EntryPoint","urlTemplate":"https:\/\/plasprinter.com.co\/?s={search_term_string}"},"query-input":"required name=search_term_string"}],"inLanguage":"en-US"},{"@type":"Organization","@id":"https:\/\/plasprinter.com.co\/#organization","name":"plasprinter","url":"https:\/\/plasprinter.com.co\/","logo":{"@type":"ImageObject","inLanguage":"en-US","@id":"https:\/\/plasprinter.com.co\/#\/schema\/logo\/image\/","url":"https:\/\/plasprinter.kje.com.co\/wp-content\/uploads\/2022\/12\/Recurso-37.png","contentUrl":"https:\/\/plasprinter.kje.com.co\/wp-content\/uploads\/2022\/12\/Recurso-37.png","width":1155,"height":276,"caption":"plasprinter"},"image":{"@id":"https:\/\/plasprinter.com.co\/#\/schema\/logo\/image\/"},"sameAs":["https:\/\/www.facebook.com\/plasprinterCol"]}]}},"_links":{"self":[{"href":"https:\/\/plasprinter.com.co\/en\/wp-json\/wp\/v2\/product\/9403"}],"collection":[{"href":"https:\/\/plasprinter.com.co\/en\/wp-json\/wp\/v2\/product"}],"about":[{"href":"https:\/\/plasprinter.com.co\/en\/wp-json\/wp\/v2\/types\/product"}],"replies":[{"embeddable":true,"href":"https:\/\/plasprinter.com.co\/en\/wp-json\/wp\/v2\/comments?post=9403"}],"wp:featuredmedia":[{"embeddable":true,"href":"https:\/\/plasprinter.com.co\/en\/wp-json\/wp\/v2\/media\/9440"}],"wp:attachment":[{"href":"https:\/\/plasprinter.com.co\/en\/wp-json\/wp\/v2\/media?parent=9403"}],"wp:term":[{"taxonomy":"product_cat","embeddable":true,"href":"https:\/\/plasprinter.com.co\/en\/wp-json\/wp\/v2\/product_cat?post=9403"},{"taxonomy":"product_tag","embeddable":true,"href":"https:\/\/plasprinter.com.co\/en\/wp-json\/wp\/v2\/product_tag?post=9403"}],"curies":[{"name":"wp","href":"https:\/\/api.w.org\/{rel}","templated":true}]}}