{"id":9462,"date":"2023-09-26T22:11:32","date_gmt":"2023-09-27T03:11:32","guid":{"rendered":"https:\/\/plasprinter.com.co\/?post_type=product&#038;p=9462"},"modified":"2023-09-26T22:11:33","modified_gmt":"2023-09-27T03:11:33","slug":"bolsa-en-cambrel-petit","status":"publish","type":"product","link":"https:\/\/plasprinter.com.co\/en\/product\/bolsa-en-cambrel-petit\/","title":{"rendered":"Bolsa En Cambrel Petit"},"content":{"rendered":"<p>Sellada. Con agarraderas.<br \/>\nMedidas: ancho 26.5 cm x largo 26.5 cm x fuelle (en la base) 7.5 cm<br \/>\nMedidas Manijas: 14 cm<br \/>\nMarca: 13 cm \/ Screen<\/p>\n<p>Venta m\u00ednima y en m\u00faltiplos de paquete de 50 unidades.<\/p>\n<p>Unidades por Caja:\t500   Unidades<br \/>\nEmpaque:\t43,0    X 32,0 X 60,0 \/ 8,0 Kg<\/p>","protected":false},"excerpt":{"rendered":"<p>Sellada. Con agarraderas.<br \/>\nMedidas: ancho 26.5 cm x largo 26.5 cm x fuelle (en la base) 7.5 cm<br \/>\nMedidas Manijas: 14 cm<br \/>\nMarca: 13 cm \/ Screen<\/p>\n<p>Venta m\u00ednima y en m\u00faltiplos de paquete de 50 unidades.<\/p>\n<p>Unidades por Caja:\t500   Unidades<br \/>\nEmpaque:\t43,0    X 32,0 X 60,0 \/ 8,0 Kg<\/p>","protected":false},"featured_media":9463,"comment_status":"open","ping_status":"closed","template":"","meta":[],"product_cat":[77],"product_tag":[],"yoast_head":"<!-- This site is optimized with the Yoast SEO plugin v21.7 - https:\/\/yoast.com\/wordpress\/plugins\/seo\/ -->\n<title>Bolsa En Cambrel Petit - Fabricaci\u00f3n e Impresi\u00f3n de Envases<\/title>\n<meta name=\"robots\" content=\"index, follow, max-snippet:-1, max-image-preview:large, max-video-preview:-1\" \/>\n<link rel=\"canonical\" href=\"https:\/\/plasprinter.com.co\/en\/product\/bolsa-en-cambrel-petit\/\" \/>\n<meta property=\"og:locale\" content=\"en_US\" \/>\n<meta property=\"og:type\" content=\"article\" \/>\n<meta property=\"og:title\" content=\"Bolsa En Cambrel Petit - Fabricaci\u00f3n e Impresi\u00f3n de Envases\" \/>\n<meta property=\"og:description\" content=\"Sellada. Con agarraderas. Medidas: ancho 26.5 cm x largo 26.5 cm x fuelle (en la base) 7.5 cm Medidas Manijas: 14 cm Marca: 13 cm \/ Screen  Venta m\u00ednima y en m\u00faltiplos de paquete de 50 unidades.  Unidades por Caja: 500  Unidades Empaque: 43,0  X 32,0 X 60,0 \/ 8,0 Kg\" \/>\n<meta property=\"og:url\" content=\"https:\/\/plasprinter.com.co\/en\/product\/bolsa-en-cambrel-petit\/\" \/>\n<meta property=\"og:site_name\" content=\"Fabricaci\u00f3n e Impresi\u00f3n de Envases\" \/>\n<meta property=\"article:publisher\" content=\"https:\/\/www.facebook.com\/plasprinterCol\" \/>\n<meta property=\"article:modified_time\" content=\"2023-09-27T03:11:33+00:00\" \/>\n<meta property=\"og:image\" content=\"https:\/\/plasprinter.com.co\/wp-content\/uploads\/2023\/09\/8206.jpg\" \/>\n\t<meta property=\"og:image:width\" content=\"1000\" \/>\n\t<meta property=\"og:image:height\" content=\"1000\" \/>\n\t<meta property=\"og:image:type\" content=\"image\/jpeg\" \/>\n<meta name=\"twitter:card\" content=\"summary_large_image\" \/>\n<script type=\"application\/ld+json\" class=\"yoast-schema-graph\">{\"@context\":\"https:\/\/schema.org\",\"@graph\":[{\"@type\":\"WebPage\",\"@id\":\"https:\/\/plasprinter.com.co\/producto\/bolsa-en-cambrel-petit\/\",\"url\":\"https:\/\/plasprinter.com.co\/producto\/bolsa-en-cambrel-petit\/\",\"name\":\"Bolsa En Cambrel Petit - Fabricaci\u00f3n e Impresi\u00f3n de Envases\",\"isPartOf\":{\"@id\":\"https:\/\/plasprinter.com.co\/#website\"},\"datePublished\":\"2023-09-27T03:11:32+00:00\",\"dateModified\":\"2023-09-27T03:11:33+00:00\",\"breadcrumb\":{\"@id\":\"https:\/\/plasprinter.com.co\/producto\/bolsa-en-cambrel-petit\/#breadcrumb\"},\"inLanguage\":\"en-US\",\"potentialAction\":[{\"@type\":\"ReadAction\",\"target\":[\"https:\/\/plasprinter.com.co\/producto\/bolsa-en-cambrel-petit\/\"]}]},{\"@type\":\"BreadcrumbList\",\"@id\":\"https:\/\/plasprinter.com.co\/producto\/bolsa-en-cambrel-petit\/#breadcrumb\",\"itemListElement\":[{\"@type\":\"ListItem\",\"position\":1,\"name\":\"Inicio\",\"item\":\"https:\/\/plasprinter.com.co\/\"},{\"@type\":\"ListItem\",\"position\":2,\"name\":\"Productos\",\"item\":\"https:\/\/plasprinter.com.co\/shop\/\"},{\"@type\":\"ListItem\",\"position\":3,\"name\":\"Bolsa En Cambrel Petit\"}]},{\"@type\":\"WebSite\",\"@id\":\"https:\/\/plasprinter.com.co\/#website\",\"url\":\"https:\/\/plasprinter.com.co\/\",\"name\":\"Fabricaci\u00f3n e Impresi\u00f3n de Envases\",\"description\":\"Impresi\u00f3n sobre envase pl\u00e1stico\",\"publisher\":{\"@id\":\"https:\/\/plasprinter.com.co\/#organization\"},\"potentialAction\":[{\"@type\":\"SearchAction\",\"target\":{\"@type\":\"EntryPoint\",\"urlTemplate\":\"https:\/\/plasprinter.com.co\/?s={search_term_string}\"},\"query-input\":\"required name=search_term_string\"}],\"inLanguage\":\"en-US\"},{\"@type\":\"Organization\",\"@id\":\"https:\/\/plasprinter.com.co\/#organization\",\"name\":\"plasprinter\",\"url\":\"https:\/\/plasprinter.com.co\/\",\"logo\":{\"@type\":\"ImageObject\",\"inLanguage\":\"en-US\",\"@id\":\"https:\/\/plasprinter.com.co\/#\/schema\/logo\/image\/\",\"url\":\"https:\/\/plasprinter.kje.com.co\/wp-content\/uploads\/2022\/12\/Recurso-37.png\",\"contentUrl\":\"https:\/\/plasprinter.kje.com.co\/wp-content\/uploads\/2022\/12\/Recurso-37.png\",\"width\":1155,\"height\":276,\"caption\":\"plasprinter\"},\"image\":{\"@id\":\"https:\/\/plasprinter.com.co\/#\/schema\/logo\/image\/\"},\"sameAs\":[\"https:\/\/www.facebook.com\/plasprinterCol\"]}]}<\/script>\n<!-- \/ Yoast SEO plugin. -->","yoast_head_json":{"title":"Bolsa En Cambrel Petit - Fabricaci\u00f3n e Impresi\u00f3n de Envases","robots":{"index":"index","follow":"follow","max-snippet":"max-snippet:-1","max-image-preview":"max-image-preview:large","max-video-preview":"max-video-preview:-1"},"canonical":"https:\/\/plasprinter.com.co\/en\/product\/bolsa-en-cambrel-petit\/","og_locale":"en_US","og_type":"article","og_title":"Bolsa En Cambrel Petit - Fabricaci\u00f3n e Impresi\u00f3n de Envases","og_description":"Sellada. Con agarraderas. Medidas: ancho 26.5 cm x largo 26.5 cm x fuelle (en la base) 7.5 cm Medidas Manijas: 14 cm Marca: 13 cm \/ Screen  Venta m\u00ednima y en m\u00faltiplos de paquete de 50 unidades.  Unidades por Caja: 500  Unidades Empaque: 43,0  X 32,0 X 60,0 \/ 8,0 Kg","og_url":"https:\/\/plasprinter.com.co\/en\/product\/bolsa-en-cambrel-petit\/","og_site_name":"Fabricaci\u00f3n e Impresi\u00f3n de Envases","article_publisher":"https:\/\/www.facebook.com\/plasprinterCol","article_modified_time":"2023-09-27T03:11:33+00:00","og_image":[{"width":1000,"height":1000,"url":"https:\/\/plasprinter.com.co\/wp-content\/uploads\/2023\/09\/8206.jpg","type":"image\/jpeg"}],"twitter_card":"summary_large_image","schema":{"@context":"https:\/\/schema.org","@graph":[{"@type":"WebPage","@id":"https:\/\/plasprinter.com.co\/producto\/bolsa-en-cambrel-petit\/","url":"https:\/\/plasprinter.com.co\/producto\/bolsa-en-cambrel-petit\/","name":"Bolsa En Cambrel Petit - Fabricaci\u00f3n e Impresi\u00f3n de Envases","isPartOf":{"@id":"https:\/\/plasprinter.com.co\/#website"},"datePublished":"2023-09-27T03:11:32+00:00","dateModified":"2023-09-27T03:11:33+00:00","breadcrumb":{"@id":"https:\/\/plasprinter.com.co\/producto\/bolsa-en-cambrel-petit\/#breadcrumb"},"inLanguage":"en-US","potentialAction":[{"@type":"ReadAction","target":["https:\/\/plasprinter.com.co\/producto\/bolsa-en-cambrel-petit\/"]}]},{"@type":"BreadcrumbList","@id":"https:\/\/plasprinter.com.co\/producto\/bolsa-en-cambrel-petit\/#breadcrumb","itemListElement":[{"@type":"ListItem","position":1,"name":"Inicio","item":"https:\/\/plasprinter.com.co\/"},{"@type":"ListItem","position":2,"name":"Productos","item":"https:\/\/plasprinter.com.co\/shop\/"},{"@type":"ListItem","position":3,"name":"Bolsa En Cambrel Petit"}]},{"@type":"WebSite","@id":"https:\/\/plasprinter.com.co\/#website","url":"https:\/\/plasprinter.com.co\/","name":"Fabricaci\u00f3n e Impresi\u00f3n de Envases","description":"Impresi\u00f3n sobre envase pl\u00e1stico","publisher":{"@id":"https:\/\/plasprinter.com.co\/#organization"},"potentialAction":[{"@type":"SearchAction","target":{"@type":"EntryPoint","urlTemplate":"https:\/\/plasprinter.com.co\/?s={search_term_string}"},"query-input":"required name=search_term_string"}],"inLanguage":"en-US"},{"@type":"Organization","@id":"https:\/\/plasprinter.com.co\/#organization","name":"plasprinter","url":"https:\/\/plasprinter.com.co\/","logo":{"@type":"ImageObject","inLanguage":"en-US","@id":"https:\/\/plasprinter.com.co\/#\/schema\/logo\/image\/","url":"https:\/\/plasprinter.kje.com.co\/wp-content\/uploads\/2022\/12\/Recurso-37.png","contentUrl":"https:\/\/plasprinter.kje.com.co\/wp-content\/uploads\/2022\/12\/Recurso-37.png","width":1155,"height":276,"caption":"plasprinter"},"image":{"@id":"https:\/\/plasprinter.com.co\/#\/schema\/logo\/image\/"},"sameAs":["https:\/\/www.facebook.com\/plasprinterCol"]}]}},"_links":{"self":[{"href":"https:\/\/plasprinter.com.co\/en\/wp-json\/wp\/v2\/product\/9462"}],"collection":[{"href":"https:\/\/plasprinter.com.co\/en\/wp-json\/wp\/v2\/product"}],"about":[{"href":"https:\/\/plasprinter.com.co\/en\/wp-json\/wp\/v2\/types\/product"}],"replies":[{"embeddable":true,"href":"https:\/\/plasprinter.com.co\/en\/wp-json\/wp\/v2\/comments?post=9462"}],"wp:featuredmedia":[{"embeddable":true,"href":"https:\/\/plasprinter.com.co\/en\/wp-json\/wp\/v2\/media\/9463"}],"wp:attachment":[{"href":"https:\/\/plasprinter.com.co\/en\/wp-json\/wp\/v2\/media?parent=9462"}],"wp:term":[{"taxonomy":"product_cat","embeddable":true,"href":"https:\/\/plasprinter.com.co\/en\/wp-json\/wp\/v2\/product_cat?post=9462"},{"taxonomy":"product_tag","embeddable":true,"href":"https:\/\/plasprinter.com.co\/en\/wp-json\/wp\/v2\/product_tag?post=9462"}],"curies":[{"name":"wp","href":"https:\/\/api.w.org\/{rel}","templated":true}]}}